{"id":464,"date":"2023-06-09T20:34:42","date_gmt":"2023-06-09T20:34:42","guid":{"rendered":"https:\/\/patagonemprende.cl\/?page_id=464"},"modified":"2023-07-06T20:02:49","modified_gmt":"2023-07-06T20:02:49","slug":"somos","status":"publish","type":"page","link":"https:\/\/patagonemprende.cl\/?page_id=464","title":{"rendered":"Somos"},"content":{"rendered":"\t\t<div data-elementor-type=\"wp-page\" data-elementor-id=\"464\" class=\"elementor elementor-464\" data-elementor-post-type=\"page\">\n\t\t\t\t\t\t\t<div class=\"elementor-element elementor-element-c70a2d1 e-flex e-con-boxed e-con\" data-id=\"c70a2d1\" data-element_type=\"container\" data-settings=\"{&quot;background_background&quot;:&quot;classic&quot;,&quot;jet_parallax_layout_list&quot;:[],&quot;content_width&quot;:&quot;boxed&quot;}\">\n\t\t\t\t\t<div class=\"e-con-inner\">\n\t\t<div class=\"elementor-element elementor-element-e81e7c7 e-con-full e-flex e-con\" data-id=\"e81e7c7\" data-element_type=\"container\" data-settings=\"{&quot;background_background&quot;:&quot;classic&quot;,&quot;jet_parallax_layout_list&quot;:[],&quot;content_width&quot;:&quot;full&quot;}\">\n\t\t\t\t<div class=\"elementor-element elementor-element-958fb57 elementor-widget__width-auto elementor-absolute elementor-widget elementor-widget-heading\" data-id=\"958fb57\" data-element_type=\"widget\" data-settings=\"{&quot;_position&quot;:&quot;absolute&quot;}\" data-widget_type=\"heading.default\">\n\t\t\t\t<div class=\"elementor-widget-container\">\n\t\t\t<style>\/*! elementor - v3.15.0 - 09-08-2023 *\/\n.elementor-heading-title{padding:0;margin:0;line-height:1}.elementor-widget-heading .elementor-heading-title[class*=elementor-size-]>a{color:inherit;font-size:inherit;line-height:inherit}.elementor-widget-heading .elementor-heading-title.elementor-size-small{font-size:15px}.elementor-widget-heading .elementor-heading-title.elementor-size-medium{font-size:19px}.elementor-widget-heading .elementor-heading-title.elementor-size-large{font-size:29px}.elementor-widget-heading .elementor-heading-title.elementor-size-xl{font-size:39px}.elementor-widget-heading .elementor-heading-title.elementor-size-xxl{font-size:59px}<\/style><h2 class=\"elementor-heading-title elementor-size-default\">Qui\u00e9nes Somos<\/h2>\t\t<\/div>\n\t\t\t\t<\/div>\n\t\t\t\t<div class=\"elementor-element elementor-element-b10f039 elementor-widget elementor-widget-text-editor\" data-id=\"b10f039\" data-element_type=\"widget\" data-widget_type=\"text-editor.default\">\n\t\t\t\t<div class=\"elementor-widget-container\">\n\t\t\t<style>\/*! elementor - v3.15.0 - 09-08-2023 *\/\n.elementor-widget-text-editor.elementor-drop-cap-view-stacked .elementor-drop-cap{background-color:#69727d;color:#fff}.elementor-widget-text-editor.elementor-drop-cap-view-framed .elementor-drop-cap{color:#69727d;border:3px solid;background-color:transparent}.elementor-widget-text-editor:not(.elementor-drop-cap-view-default) .elementor-drop-cap{margin-top:8px}.elementor-widget-text-editor:not(.elementor-drop-cap-view-default) .elementor-drop-cap-letter{width:1em;height:1em}.elementor-widget-text-editor .elementor-drop-cap{float:left;text-align:center;line-height:1;font-size:50px}.elementor-widget-text-editor .elementor-drop-cap-letter{display:inline-block}<\/style>\t\t\t\t<p>Somos un equipo, compuesto por docentes y estudiantes de la Escuela de Dise\u00f1o, arte y comunicaci\u00f3n del Instituto profesional AIEP sede Puerto Montt.<\/p><p>Hemos creado <strong>Patag\u00f3n Emprende<\/strong>, una plataforma digital colaborativa que ayudar\u00e1 a aumentar la oferta de recursos a disposici\u00f3n de los emprendedores mediante la creaci\u00f3n de<br \/>un portal web que incorpora diferentes \u00e1reas: como, toda la ofertas laboral disponible, b\u00fasquedas de trabajo, ofertas de servicios y proveedores de insumos que permitir\u00e1 bajar<br \/>los costos que ayudar\u00e1 al emprendedor entregar un mejor servicio a los turistas de la cuenca del Lago Llanquihue y Cocham\u00f3, comunidades que est\u00e1n asesoradas por el Centro de<br \/>Negocios de Puerto Varas.<\/p><p>Este espacio virtual, almacenar\u00e1 toda la oferta de productos y\/o servicios de emprendimientos formalizados de la zona, mostrar\u00e1 informaci\u00f3n como: donde encontrarlos, redes sociales, precios, puntos de venta, despacho, horarios de atenci\u00f3n, entre otros, incorporando aqu\u00ed las \u00e1reas principales atendidas como hoteler\u00eda, gastronom\u00eda, turismo y otras.<\/p><p>Buscamos inicialmente trabajar con emprendedores de la zona, pero esta plataforma puede ir escalando de manera exponencial.<\/p>\t\t\t\t\t\t<\/div>\n\t\t\t\t<\/div>\n\t\t\t\t<\/div>\n\t\t\t\t\t<\/div>\n\t\t\t\t<\/div>\n\t\t\t\t\t\t\t<\/div>\n\t\t","protected":false},"excerpt":{"rendered":"<p>Qui\u00e9nes Somos Somos un equipo, compuesto por docentes y estudiantes de la Escuela de Dise\u00f1o, arte y comunicaci\u00f3n del Instituto profesional AIEP sede Puerto Montt. Hemos creado Patag\u00f3n Emprende, una plataforma digital colaborativa que ayudar\u00e1 a aumentar la oferta de recursos a disposici\u00f3n de los emprendedores mediante la creaci\u00f3n deun portal web que incorpora diferentes [&hellip;]<\/p>\n","protected":false},"author":1,"featured_media":0,"parent":0,"menu_order":0,"comment_status":"closed","ping_status":"closed","template":"elementor_header_footer","meta":{"_mi_skip_tracking":false,"_monsterinsights_sitenote_active":false,"_monsterinsights_sitenote_note":"","_monsterinsights_sitenote_category":0,"_jet_sm_ready_style":"","_jet_sm_style":"","_jet_sm_controls_values":"","_jet_sm_fonts_collection":"","_jet_sm_fonts_links":"","footnotes":""},"class_list":["post-464","page","type-page","status-publish","hentry"],"_links":{"self":[{"href":"https:\/\/patagonemprende.cl\/index.php?rest_route=\/wp\/v2\/pages\/464","targetHints":{"allow":["GET"]}}],"collection":[{"href":"https:\/\/patagonemprende.cl\/index.php?rest_route=\/wp\/v2\/pages"}],"about":[{"href":"https:\/\/patagonemprende.cl\/index.php?rest_route=\/wp\/v2\/types\/page"}],"author":[{"embeddable":true,"href":"https:\/\/patagonemprende.cl\/index.php?rest_route=\/wp\/v2\/users\/1"}],"replies":[{"embeddable":true,"href":"https:\/\/patagonemprende.cl\/index.php?rest_route=%2Fwp%2Fv2%2Fcomments&post=464"}],"version-history":[{"count":31,"href":"https:\/\/patagonemprende.cl\/index.php?rest_route=\/wp\/v2\/pages\/464\/revisions"}],"predecessor-version":[{"id":2229,"href":"https:\/\/patagonemprende.cl\/index.php?rest_route=\/wp\/v2\/pages\/464\/revisions\/2229"}],"wp:attachment":[{"href":"https:\/\/patagonemprende.cl\/index.php?rest_route=%2Fwp%2Fv2%2Fmedia&parent=464"}],"curies":[{"name":"wp","href":"https:\/\/api.w.org\/{rel}","templated":true}]}}